{"id":18,"date":"2024-12-04T11:46:53","date_gmt":"2024-12-04T11:46:53","guid":{"rendered":"http:\/\/luza-hub.local\/?page_id=18"},"modified":"2025-08-19T15:55:34","modified_gmt":"2025-08-19T18:55:34","slug":"home","status":"publish","type":"page","link":"https:\/\/luza.academy\/pt\/","title":{"rendered":"Home"},"content":{"rendered":"<div data-elementor-type=\"wp-page\" data-elementor-id=\"18\" class=\"elementor elementor-18\" data-elementor-post-type=\"page\">\n\t\t\t\t<div class=\"elementor-element elementor-element-0e41888 e-flex e-con-boxed e-con e-parent\" data-id=\"0e41888\" data-element_type=\"container\" data-settings=\"{&quot;background_background&quot;:&quot;video&quot;,&quot;background_video_link&quot;:&quot;http:\\\/\\\/luza.academy\\\/wp-content\\\/uploads\\\/2025\\\/01\\\/header.mp4&quot;,&quot;background_play_on_mobile&quot;:&quot;yes&quot;}\">\n\t\t\t\t\t<div class=\"e-con-inner\">\n\t\t<div class=\"elementor-background-video-container\">\n\t\t\t\t\t\t\t<video class=\"elementor-background-video-hosted\" autoplay muted playsinline loop><\/video>\n\t\t\t\t\t<\/div>\t\t\t<\/div>\n\t\t\t\t<\/div>\n\t\t<div class=\"elementor-element elementor-element-5f3527b e-flex e-con-boxed e-con e-parent\" data-id=\"5f3527b\" data-element_type=\"container\">\n\t\t\t\t\t<div class=\"e-con-inner\">\n\t\t<div class=\"elementor-element elementor-element-8d5ec70 e-con-full e-transform e-flex e-con e-child\" data-id=\"8d5ec70\" data-element_type=\"container\" data-settings=\"{&quot;background_background&quot;:&quot;classic&quot;,&quot;motion_fx_motion_fx_scrolling&quot;:&quot;yes&quot;,&quot;motion_fx_translateY_effect&quot;:&quot;yes&quot;,&quot;motion_fx_translateY_direction&quot;:&quot;negative&quot;,&quot;motion_fx_translateY_speed&quot;:{&quot;unit&quot;:&quot;px&quot;,&quot;size&quot;:2.8,&quot;sizes&quot;:[]},&quot;motion_fx_translateY_affectedRange&quot;:{&quot;unit&quot;:&quot;%&quot;,&quot;size&quot;:&quot;&quot;,&quot;sizes&quot;:{&quot;start&quot;:0,&quot;end&quot;:56}},&quot;motion_fx_devices&quot;:[&quot;desktop&quot;,&quot;tablet&quot;,&quot;mobile&quot;],&quot;_transform_translateX_effect&quot;:{&quot;unit&quot;:&quot;px&quot;,&quot;size&quot;:&quot;&quot;,&quot;sizes&quot;:[]},&quot;_transform_translateX_effect_tablet&quot;:{&quot;unit&quot;:&quot;px&quot;,&quot;size&quot;:&quot;&quot;,&quot;sizes&quot;:[]},&quot;_transform_translateX_effect_mobile&quot;:{&quot;unit&quot;:&quot;px&quot;,&quot;size&quot;:&quot;&quot;,&quot;sizes&quot;:[]},&quot;_transform_translateY_effect&quot;:{&quot;unit&quot;:&quot;px&quot;,&quot;size&quot;:&quot;&quot;,&quot;sizes&quot;:[]},&quot;_transform_translateY_effect_tablet&quot;:{&quot;unit&quot;:&quot;px&quot;,&quot;size&quot;:&quot;&quot;,&quot;sizes&quot;:[]},&quot;_transform_translateY_effect_mobile&quot;:{&quot;unit&quot;:&quot;px&quot;,&quot;size&quot;:&quot;&quot;,&quot;sizes&quot;:[]}}\">\n\t\t<div class=\"elementor-element elementor-element-1f6bdef e-grid e-con-full e-con e-child\" data-id=\"1f6bdef\" data-element_type=\"container\">\n\t\t<div class=\"elementor-element elementor-element-81677b6 e-con-full e-flex e-con e-child\" data-id=\"81677b6\" data-element_type=\"container\">\n\t\t\t\t<div class=\"elementor-element elementor-element-7f9c9a5 elementor-widget__width-initial elementor-widget elementor-widget-heading\" data-id=\"7f9c9a5\" data-element_type=\"widget\" data-widget_type=\"heading.default\">\n\t\t\t\t<div class=\"elementor-widget-container\">\n\t\t\t\t\t<h2 class=\"elementor-heading-title elementor-size-default\">Transforme sua carreira com  a <span style=\"color: #fab42d;\">LUZA Academy <\/span><\/h2>\t\t\t\t<\/div>\n\t\t\t\t<\/div>\n\t\t\t\t<div class=\"elementor-element elementor-element-223caf2 elementor-widget elementor-widget-image\" data-id=\"223caf2\" data-element_type=\"widget\" data-widget_type=\"image.default\">\n\t\t\t\t<div class=\"elementor-widget-container\">\n\t\t\t\t\t\t\t\t\t\t\t\t\t\t\t<img decoding=\"async\" width=\"160\" height=\"64\" src=\"https:\/\/luza.academy\/wp-content\/uploads\/2025\/05\/Group-3.png\" class=\"attachment-large size-large wp-image-1215\" alt=\"\" srcset=\"https:\/\/luza.academy\/wp-content\/uploads\/2025\/05\/Group-3.png 160w, https:\/\/luza.academy\/wp-content\/uploads\/2025\/05\/Group-3-18x7.png 18w\" sizes=\"(max-width: 160px) 100vw, 160px\" \/>\t\t\t\t\t\t\t\t\t\t\t\t\t\t\t<\/div>\n\t\t\t\t<\/div>\n\t\t\t\t<\/div>\n\t\t<div class=\"elementor-element elementor-element-4037967 e-con-full e-flex e-con e-child\" data-id=\"4037967\" data-element_type=\"container\">\n\t\t\t\t<div class=\"elementor-element elementor-element-bf9fa4c elementor-widget elementor-widget-text-editor\" data-id=\"bf9fa4c\" data-element_type=\"widget\" data-widget_type=\"text-editor.default\">\n\t\t\t\t<div class=\"elementor-widget-container\">\n\t\t\t\t\t\t\t\t\t<p>Integrada \u00e0 LUZA Group, a LUZA Academy \u00e9 um ecossistema de desenvolvimento profissional. Mais que cursos, oferecemos capacita\u00e7\u00e3o em Engenharia, Tecnologia e Soft Skills para impulsionar seu crescimento e o de sua empresa.<\/p><p><strong>Prepare-se para o mercado do futuro conosco.<\/strong><\/p>\t\t\t\t\t\t\t\t<\/div>\n\t\t\t\t<\/div>\n\t\t<div class=\"elementor-element elementor-element-85d4d4f e-con-full e-flex e-con e-child\" data-id=\"85d4d4f\" data-element_type=\"container\">\n\t\t\t\t<div class=\"elementor-element elementor-element-5bd60f1 elementor-widget elementor-widget-button\" data-id=\"5bd60f1\" data-element_type=\"widget\" data-widget_type=\"button.default\">\n\t\t\t\t<div class=\"elementor-widget-container\">\n\t\t\t\t\t\t\t\t\t<div class=\"elementor-button-wrapper\">\n\t\t\t\t\t<a class=\"elementor-button elementor-button-link elementor-size-sm elementor-animation-grow\" href=\"\/pt\/academy-brasil\/\">\n\t\t\t\t\t\t<span class=\"elementor-button-content-wrapper\">\n\t\t\t\t\t\t\t\t\t<span class=\"elementor-button-text\">Explore nossos cursos<\/span>\n\t\t\t\t\t<\/span>\n\t\t\t\t\t<\/a>\n\t\t\t\t<\/div>\n\t\t\t\t\t\t\t\t<\/div>\n\t\t\t\t<\/div>\n\t\t\t\t<\/div>\n\t\t\t\t<\/div>\n\t\t\t\t<\/div>\n\t\t\t\t<\/div>\n\t\t\t\t\t<\/div>\n\t\t\t\t<\/div>\n\t\t<div class=\"elementor-element elementor-element-9cbdece e-flex e-con-boxed e-con e-parent\" data-id=\"9cbdece\" data-element_type=\"container\" data-settings=\"{&quot;background_background&quot;:&quot;classic&quot;}\">\n\t\t\t\t\t<div class=\"e-con-inner\">\n\t\t<div class=\"elementor-element elementor-element-ed67f69 e-grid e-con-full e-con e-child\" data-id=\"ed67f69\" data-element_type=\"container\">\n\t\t\t\t<div class=\"elementor-element elementor-element-146cab2 elementor-widget elementor-widget-image\" data-id=\"146cab2\" data-element_type=\"widget\" data-settings=\"{&quot;motion_fx_motion_fx_scrolling&quot;:&quot;yes&quot;,&quot;motion_fx_translateY_effect&quot;:&quot;yes&quot;,&quot;motion_fx_translateY_speed&quot;:{&quot;unit&quot;:&quot;px&quot;,&quot;size&quot;:1.8,&quot;sizes&quot;:[]},&quot;motion_fx_translateY_affectedRange&quot;:{&quot;unit&quot;:&quot;%&quot;,&quot;size&quot;:&quot;&quot;,&quot;sizes&quot;:{&quot;start&quot;:0,&quot;end&quot;:57}},&quot;motion_fx_devices&quot;:[&quot;desktop&quot;,&quot;tablet&quot;,&quot;mobile&quot;]}\" data-widget_type=\"image.default\">\n\t\t\t\t<div class=\"elementor-widget-container\">\n\t\t\t\t\t\t\t\t\t\t\t\t\t\t\t<img fetchpriority=\"high\" decoding=\"async\" width=\"478\" height=\"431\" src=\"https:\/\/luza.academy\/wp-content\/uploads\/2025\/01\/image2.png\" class=\"attachment-large size-large wp-image-709\" alt=\"\" srcset=\"https:\/\/luza.academy\/wp-content\/uploads\/2025\/01\/image2.png 478w, https:\/\/luza.academy\/wp-content\/uploads\/2025\/01\/image2-300x271.png 300w, https:\/\/luza.academy\/wp-content\/uploads\/2025\/01\/image2-13x12.png 13w\" sizes=\"(max-width: 478px) 100vw, 478px\" \/>\t\t\t\t\t\t\t\t\t\t\t\t\t\t\t<\/div>\n\t\t\t\t<\/div>\n\t\t<div class=\"elementor-element elementor-element-316ee11 e-con-full e-flex e-con e-child\" data-id=\"316ee11\" data-element_type=\"container\" data-settings=\"{&quot;motion_fx_motion_fx_scrolling&quot;:&quot;yes&quot;,&quot;motion_fx_translateY_effect&quot;:&quot;yes&quot;,&quot;motion_fx_translateY_speed&quot;:{&quot;unit&quot;:&quot;px&quot;,&quot;size&quot;:1.2,&quot;sizes&quot;:[]},&quot;motion_fx_translateY_affectedRange&quot;:{&quot;unit&quot;:&quot;%&quot;,&quot;size&quot;:&quot;&quot;,&quot;sizes&quot;:{&quot;start&quot;:0,&quot;end&quot;:100}},&quot;motion_fx_devices&quot;:[&quot;desktop&quot;,&quot;tablet&quot;,&quot;mobile&quot;]}\">\n\t\t\t\t<div class=\"elementor-element elementor-element-aa3c07d elementor-widget elementor-widget-heading\" data-id=\"aa3c07d\" data-element_type=\"widget\" data-widget_type=\"heading.default\">\n\t\t\t\t<div class=\"elementor-widget-container\">\n\t\t\t\t\t<h2 class=\"elementor-heading-title elementor-size-default\">Aprenda com quem vive o mercado<\/h2>\t\t\t\t<\/div>\n\t\t\t\t<\/div>\n\t\t\t\t<div class=\"elementor-element elementor-element-e0e85ab custom-p elementor-widget elementor-widget-heading\" data-id=\"e0e85ab\" data-element_type=\"widget\" data-widget_type=\"heading.default\">\n\t\t\t\t<div class=\"elementor-widget-container\">\n\t\t\t\t\t<h2 class=\"elementor-heading-title elementor-size-default\">Na LUZA Academy, voc\u00ea aprende com especialistas que atuam diretamente nas \u00e1reas de Engenharia, Tecnologia e Soft Skills. Com uma metodologia pr\u00e1tica e conectada \u00e0 realidade do mercado, nossas forma\u00e7\u00f5es v\u00e3o muito al\u00e9m do conte\u00fado te\u00f3rico \u2014 s\u00e3o experi\u00eancias de transforma\u00e7\u00e3o profissional.<\/h2>\t\t\t\t<\/div>\n\t\t\t\t<\/div>\n\t\t\t\t<div class=\"elementor-element elementor-element-66c7ca1 elementor-widget elementor-widget-button\" data-id=\"66c7ca1\" data-element_type=\"widget\" data-widget_type=\"button.default\">\n\t\t\t\t<div class=\"elementor-widget-container\">\n\t\t\t\t\t\t\t\t\t<div class=\"elementor-button-wrapper\">\n\t\t\t\t\t<a class=\"elementor-button elementor-button-link elementor-size-sm elementor-animation-grow\" href=\"http:\/\/luza.academy\/pt\/sobre\/\">\n\t\t\t\t\t\t<span class=\"elementor-button-content-wrapper\">\n\t\t\t\t\t\t\t\t\t<span class=\"elementor-button-text\">Saiba mais<\/span>\n\t\t\t\t\t<\/span>\n\t\t\t\t\t<\/a>\n\t\t\t\t<\/div>\n\t\t\t\t\t\t\t\t<\/div>\n\t\t\t\t<\/div>\n\t\t\t\t<\/div>\n\t\t\t\t<\/div>\n\t\t\t\t\t<\/div>\n\t\t\t\t<\/div>\n\t\t<div class=\"elementor-element elementor-element-9feba1a e-flex e-con-boxed e-con e-parent\" data-id=\"9feba1a\" data-element_type=\"container\" data-settings=\"{&quot;background_background&quot;:&quot;classic&quot;}\">\n\t\t\t\t\t<div class=\"e-con-inner\">\n\t\t<div class=\"elementor-element elementor-element-6d85e30 e-grid e-con-full e-con e-child\" data-id=\"6d85e30\" data-element_type=\"container\">\n\t\t<div class=\"elementor-element elementor-element-69a63d9 e-con-full animated-slow e-flex elementor-invisible e-con e-child\" data-id=\"69a63d9\" data-element_type=\"container\" data-settings=\"{&quot;animation&quot;:&quot;fadeInLeft&quot;}\">\n\t\t\t\t<div class=\"elementor-element elementor-element-2ccb3f1 elementor-widget elementor-widget-heading\" data-id=\"2ccb3f1\" data-element_type=\"widget\" data-widget_type=\"heading.default\">\n\t\t\t\t<div class=\"elementor-widget-container\">\n\t\t\t\t\t<h2 class=\"elementor-heading-title elementor-size-default\">Desenvolvimento que acompanha sua jornada<\/h2>\t\t\t\t<\/div>\n\t\t\t\t<\/div>\n\t\t\t\t<div class=\"elementor-element elementor-element-58cf563 custom-p elementor-widget elementor-widget-heading\" data-id=\"58cf563\" data-element_type=\"widget\" data-widget_type=\"heading.default\">\n\t\t\t\t<div class=\"elementor-widget-container\">\n\t\t\t\t\t<h2 class=\"elementor-heading-title elementor-size-default\">Mentorias, trilhas personalizadas e webinars ao vivo: oferecemos muito mais que cursos. Nossa plataforma foi pensada para apoiar cada etapa da sua evolu\u00e7\u00e3o, com conte\u00fados que se adaptam \u00e0s suas metas, ritmo e contexto profissional \u2014 onde voc\u00ea estiver.<\/h2>\t\t\t\t<\/div>\n\t\t\t\t<\/div>\n\t\t\t\t<div class=\"elementor-element elementor-element-204066a elementor-widget elementor-widget-button\" data-id=\"204066a\" data-element_type=\"widget\" data-widget_type=\"button.default\">\n\t\t\t\t<div class=\"elementor-widget-container\">\n\t\t\t\t\t\t\t\t\t<div class=\"elementor-button-wrapper\">\n\t\t\t\t\t<a class=\"elementor-button elementor-button-link elementor-size-sm elementor-animation-grow\" href=\"http:\/\/luza.academy\/pt\/sobre\/\">\n\t\t\t\t\t\t<span class=\"elementor-button-content-wrapper\">\n\t\t\t\t\t\t\t\t\t<span class=\"elementor-button-text\">Saiba mais<\/span>\n\t\t\t\t\t<\/span>\n\t\t\t\t\t<\/a>\n\t\t\t\t<\/div>\n\t\t\t\t\t\t\t\t<\/div>\n\t\t\t\t<\/div>\n\t\t\t\t<\/div>\n\t\t\t\t<div class=\"elementor-element elementor-element-780fd63 animated-slow elementor-invisible elementor-widget elementor-widget-image\" data-id=\"780fd63\" data-element_type=\"widget\" data-settings=\"{&quot;_animation&quot;:&quot;fadeInRight&quot;}\" data-widget_type=\"image.default\">\n\t\t\t\t<div class=\"elementor-widget-container\">\n\t\t\t\t\t\t\t\t\t\t\t\t\t\t\t<img decoding=\"async\" width=\"453\" height=\"396\" src=\"https:\/\/luza.academy\/wp-content\/uploads\/2025\/05\/image.png\" class=\"attachment-large size-large wp-image-1196\" alt=\"\" srcset=\"https:\/\/luza.academy\/wp-content\/uploads\/2025\/05\/image.png 453w, https:\/\/luza.academy\/wp-content\/uploads\/2025\/05\/image-300x262.png 300w, https:\/\/luza.academy\/wp-content\/uploads\/2025\/05\/image-14x12.png 14w\" sizes=\"(max-width: 453px) 100vw, 453px\" \/>\t\t\t\t\t\t\t\t\t\t\t\t\t\t\t<\/div>\n\t\t\t\t<\/div>\n\t\t\t\t<\/div>\n\t\t\t\t\t<\/div>\n\t\t\t\t<\/div>\n\t\t\t\t<\/div>","protected":false},"excerpt":{"rendered":"<p>Transforme sua carreira com a LUZA Academy Integrada \u00e0 LUZA Group, a LUZA Academy \u00e9 um ecossistema de desenvolvimento profissional. Mais que cursos, oferecemos capacita\u00e7\u00e3o em Engenharia, Tecnologia e Soft Skills para impulsionar seu crescimento e o de sua empresa. Prepare-se para o mercado do futuro conosco. Explore nossos cursos Aprenda com quem vive o [&hellip;]<\/p>","protected":false},"author":1,"featured_media":0,"parent":0,"menu_order":0,"comment_status":"closed","ping_status":"closed","template":"","meta":{"_acf_changed":false,"footnotes":""},"class_list":["post-18","page","type-page","status-publish","hentry"],"acf":[],"yoast_head":"<!-- This site is optimized with the Yoast SEO plugin v25.1 - https:\/\/yoast.com\/wordpress\/plugins\/seo\/ -->\n<title>Home - LUZA Academy<\/title>\n<meta name=\"robots\" content=\"index, follow, max-snippet:-1, max-image-preview:large, max-video-preview:-1\" \/>\n<link rel=\"canonical\" href=\"https:\/\/luza.academy\/pt\/\" \/>\n<meta property=\"og:locale\" content=\"pt_PT\" \/>\n<meta property=\"og:type\" content=\"article\" \/>\n<meta property=\"og:title\" content=\"Home - LUZA Academy\" \/>\n<meta property=\"og:description\" content=\"Transforme sua carreira com a LUZA Academy Integrada \u00e0 LUZA Group, a LUZA Academy \u00e9 um ecossistema de desenvolvimento profissional. Mais que cursos, oferecemos capacita\u00e7\u00e3o em Engenharia, Tecnologia e Soft Skills para impulsionar seu crescimento e o de sua empresa. Prepare-se para o mercado do futuro conosco. Explore nossos cursos Aprenda com quem vive o [&hellip;]\" \/>\n<meta property=\"og:url\" content=\"https:\/\/luza.academy\/pt\/\" \/>\n<meta property=\"og:site_name\" content=\"LUZA Academy\" \/>\n<meta property=\"article:modified_time\" content=\"2025-08-19T18:55:34+00:00\" \/>\n<meta property=\"og:image\" content=\"https:\/\/luza.academy\/wp-content\/uploads\/2024\/12\/banner.png\" \/>\n\t<meta property=\"og:image:width\" content=\"1200\" \/>\n\t<meta property=\"og:image:height\" content=\"628\" \/>\n\t<meta property=\"og:image:type\" content=\"image\/png\" \/>\n<meta name=\"twitter:card\" content=\"summary_large_image\" \/>\n<meta name=\"twitter:label1\" content=\"Tempo estimado de leitura\" \/>\n\t<meta name=\"twitter:data1\" content=\"2 minutos\" \/>\n<script type=\"application\/ld+json\" class=\"yoast-schema-graph\">{\"@context\":\"https:\/\/schema.org\",\"@graph\":[{\"@type\":\"WebPage\",\"@id\":\"https:\/\/luza.academy\/\",\"url\":\"https:\/\/luza.academy\/\",\"name\":\"Home - LUZA Academy\",\"isPartOf\":{\"@id\":\"https:\/\/luza.academy\/#website\"},\"primaryImageOfPage\":{\"@id\":\"https:\/\/luza.academy\/#primaryimage\"},\"image\":{\"@id\":\"https:\/\/luza.academy\/#primaryimage\"},\"thumbnailUrl\":\"http:\/\/luza.academy\/wp-content\/uploads\/2025\/05\/Group-3.png\",\"datePublished\":\"2024-12-04T11:46:53+00:00\",\"dateModified\":\"2025-08-19T18:55:34+00:00\",\"breadcrumb\":{\"@id\":\"https:\/\/luza.academy\/#breadcrumb\"},\"inLanguage\":\"pt-PT\",\"potentialAction\":[{\"@type\":\"ReadAction\",\"target\":[\"https:\/\/luza.academy\/\"]}]},{\"@type\":\"ImageObject\",\"inLanguage\":\"pt-PT\",\"@id\":\"https:\/\/luza.academy\/#primaryimage\",\"url\":\"http:\/\/luza.academy\/wp-content\/uploads\/2025\/05\/Group-3.png\",\"contentUrl\":\"http:\/\/luza.academy\/wp-content\/uploads\/2025\/05\/Group-3.png\"},{\"@type\":\"BreadcrumbList\",\"@id\":\"https:\/\/luza.academy\/#breadcrumb\",\"itemListElement\":[{\"@type\":\"ListItem\",\"position\":1,\"name\":\"In\u00edcio\",\"item\":\"https:\/\/luza.academy\/\"},{\"@type\":\"ListItem\",\"position\":2,\"name\":\"Home\"}]},{\"@type\":\"WebSite\",\"@id\":\"https:\/\/luza.academy\/#website\",\"url\":\"https:\/\/luza.academy\/\",\"name\":\"LUZA Academy\",\"description\":\"\",\"publisher\":{\"@id\":\"https:\/\/luza.academy\/#organization\"},\"potentialAction\":[{\"@type\":\"SearchAction\",\"target\":{\"@type\":\"EntryPoint\",\"urlTemplate\":\"https:\/\/luza.academy\/?s={search_term_string}\"},\"query-input\":{\"@type\":\"PropertyValueSpecification\",\"valueRequired\":true,\"valueName\":\"search_term_string\"}}],\"inLanguage\":\"pt-PT\"},{\"@type\":\"Organization\",\"@id\":\"https:\/\/luza.academy\/#organization\",\"name\":\"LUZA Academy\",\"url\":\"https:\/\/luza.academy\/\",\"logo\":{\"@type\":\"ImageObject\",\"inLanguage\":\"pt-PT\",\"@id\":\"https:\/\/luza.academy\/#\/schema\/logo\/image\/\",\"url\":\"https:\/\/luza.academy\/wp-content\/uploads\/2025\/08\/Luzaacademy.svg\",\"contentUrl\":\"https:\/\/luza.academy\/wp-content\/uploads\/2025\/08\/Luzaacademy.svg\",\"width\":1077,\"height\":402,\"caption\":\"LUZA Academy\"},\"image\":{\"@id\":\"https:\/\/luza.academy\/#\/schema\/logo\/image\/\"}}]}<\/script>\n<!-- \/ Yoast SEO plugin. -->","yoast_head_json":{"title":"Home - LUZA Academy","robots":{"index":"index","follow":"follow","max-snippet":"max-snippet:-1","max-image-preview":"max-image-preview:large","max-video-preview":"max-video-preview:-1"},"canonical":"https:\/\/luza.academy\/pt\/","og_locale":"pt_PT","og_type":"article","og_title":"Home - LUZA Academy","og_description":"Transforme sua carreira com a LUZA Academy Integrada \u00e0 LUZA Group, a LUZA Academy \u00e9 um ecossistema de desenvolvimento profissional. Mais que cursos, oferecemos capacita\u00e7\u00e3o em Engenharia, Tecnologia e Soft Skills para impulsionar seu crescimento e o de sua empresa. Prepare-se para o mercado do futuro conosco. Explore nossos cursos Aprenda com quem vive o [&hellip;]","og_url":"https:\/\/luza.academy\/pt\/","og_site_name":"LUZA Academy","article_modified_time":"2025-08-19T18:55:34+00:00","og_image":[{"width":1200,"height":628,"url":"https:\/\/luza.academy\/wp-content\/uploads\/2024\/12\/banner.png","type":"image\/png"}],"twitter_card":"summary_large_image","twitter_misc":{"Tempo estimado de leitura":"2 minutos"},"schema":{"@context":"https:\/\/schema.org","@graph":[{"@type":"WebPage","@id":"https:\/\/luza.academy\/","url":"https:\/\/luza.academy\/","name":"Home - LUZA Academy","isPartOf":{"@id":"https:\/\/luza.academy\/#website"},"primaryImageOfPage":{"@id":"https:\/\/luza.academy\/#primaryimage"},"image":{"@id":"https:\/\/luza.academy\/#primaryimage"},"thumbnailUrl":"http:\/\/luza.academy\/wp-content\/uploads\/2025\/05\/Group-3.png","datePublished":"2024-12-04T11:46:53+00:00","dateModified":"2025-08-19T18:55:34+00:00","breadcrumb":{"@id":"https:\/\/luza.academy\/#breadcrumb"},"inLanguage":"pt-PT","potentialAction":[{"@type":"ReadAction","target":["https:\/\/luza.academy\/"]}]},{"@type":"ImageObject","inLanguage":"pt-PT","@id":"https:\/\/luza.academy\/#primaryimage","url":"http:\/\/luza.academy\/wp-content\/uploads\/2025\/05\/Group-3.png","contentUrl":"http:\/\/luza.academy\/wp-content\/uploads\/2025\/05\/Group-3.png"},{"@type":"BreadcrumbList","@id":"https:\/\/luza.academy\/#breadcrumb","itemListElement":[{"@type":"ListItem","position":1,"name":"In\u00edcio","item":"https:\/\/luza.academy\/"},{"@type":"ListItem","position":2,"name":"Home"}]},{"@type":"WebSite","@id":"https:\/\/luza.academy\/#website","url":"https:\/\/luza.academy\/","name":"LUZA Academy","description":"","publisher":{"@id":"https:\/\/luza.academy\/#organization"},"potentialAction":[{"@type":"SearchAction","target":{"@type":"EntryPoint","urlTemplate":"https:\/\/luza.academy\/?s={search_term_string}"},"query-input":{"@type":"PropertyValueSpecification","valueRequired":true,"valueName":"search_term_string"}}],"inLanguage":"pt-PT"},{"@type":"Organization","@id":"https:\/\/luza.academy\/#organization","name":"LUZA Academy","url":"https:\/\/luza.academy\/","logo":{"@type":"ImageObject","inLanguage":"pt-PT","@id":"https:\/\/luza.academy\/#\/schema\/logo\/image\/","url":"https:\/\/luza.academy\/wp-content\/uploads\/2025\/08\/Luzaacademy.svg","contentUrl":"https:\/\/luza.academy\/wp-content\/uploads\/2025\/08\/Luzaacademy.svg","width":1077,"height":402,"caption":"LUZA Academy"},"image":{"@id":"https:\/\/luza.academy\/#\/schema\/logo\/image\/"}}]}},"_links":{"self":[{"href":"https:\/\/luza.academy\/pt\/wp-json\/wp\/v2\/pages\/18","targetHints":{"allow":["GET"]}}],"collection":[{"href":"https:\/\/luza.academy\/pt\/wp-json\/wp\/v2\/pages"}],"about":[{"href":"https:\/\/luza.academy\/pt\/wp-json\/wp\/v2\/types\/page"}],"author":[{"embeddable":true,"href":"https:\/\/luza.academy\/pt\/wp-json\/wp\/v2\/users\/1"}],"replies":[{"embeddable":true,"href":"https:\/\/luza.academy\/pt\/wp-json\/wp\/v2\/comments?post=18"}],"version-history":[{"count":338,"href":"https:\/\/luza.academy\/pt\/wp-json\/wp\/v2\/pages\/18\/revisions"}],"predecessor-version":[{"id":2410,"href":"https:\/\/luza.academy\/pt\/wp-json\/wp\/v2\/pages\/18\/revisions\/2410"}],"wp:attachment":[{"href":"https:\/\/luza.academy\/pt\/wp-json\/wp\/v2\/media?parent=18"}],"curies":[{"name":"wp","href":"https:\/\/api.w.org\/{rel}","templated":true}]}}