{"id":2435,"date":"2025-12-29T09:13:36","date_gmt":"2025-12-29T12:13:36","guid":{"rendered":"https:\/\/luza.academy\/?page_id=2435"},"modified":"2025-12-29T09:16:04","modified_gmt":"2025-12-29T12:16:04","slug":"politica-de-privacidade","status":"publish","type":"page","link":"https:\/\/luza.academy\/pt\/politica-de-privacidade\/","title":{"rendered":"Pol\u00edtica de privacidade"},"content":{"rendered":"<div data-elementor-type=\"wp-page\" data-elementor-id=\"2435\" class=\"elementor elementor-2435\" data-elementor-post-type=\"page\">\n\t\t\t\t<div class=\"elementor-element elementor-element-4d5eb012 e-flex e-con-boxed e-con e-parent\" data-id=\"4d5eb012\" data-element_type=\"container\" data-settings=\"{&quot;background_background&quot;:&quot;classic&quot;}\">\n\t\t\t\t\t<div class=\"e-con-inner\">\n\t\t\t\t<div class=\"elementor-element elementor-element-70a215ed elementor-invisible elementor-widget elementor-widget-heading\" data-id=\"70a215ed\" data-element_type=\"widget\" data-settings=\"{&quot;_animation&quot;:&quot;fadeInDown&quot;}\" data-widget_type=\"heading.default\">\n\t\t\t\t<div class=\"elementor-widget-container\">\n\t\t\t\t\t<h2 class=\"elementor-heading-title elementor-size-default\">Pol\u00edtica de privacidade<\/h2>\t\t\t\t<\/div>\n\t\t\t\t<\/div>\n\t\t\t\t\t<\/div>\n\t\t\t\t<\/div>\n\t\t<div class=\"elementor-element elementor-element-7284526 e-flex e-con-boxed e-con e-parent\" data-id=\"7284526\" data-element_type=\"container\">\n\t\t\t\t\t<div class=\"e-con-inner\">\n\t\t\t\t<div class=\"elementor-element elementor-element-8cd5de5 elementor-widget elementor-widget-spacer\" data-id=\"8cd5de5\" data-element_type=\"widget\" data-widget_type=\"spacer.default\">\n\t\t\t\t<div class=\"elementor-widget-container\">\n\t\t\t\t\t\t\t<div class=\"elementor-spacer\">\n\t\t\t<div class=\"elementor-spacer-inner\"><\/div>\n\t\t<\/div>\n\t\t\t\t\t\t<\/div>\n\t\t\t\t<\/div>\n\t\t\t\t\t<\/div>\n\t\t\t\t<\/div>\n\t\t<div class=\"elementor-element elementor-element-9fc275a e-flex e-con-boxed e-con e-parent\" data-id=\"9fc275a\" data-element_type=\"container\">\n\t\t\t\t\t<div class=\"e-con-inner\">\n\t\t\t\t<div class=\"elementor-element elementor-element-9e042a6 elementor-widget elementor-widget-text-editor\" data-id=\"9e042a6\" data-element_type=\"widget\" data-widget_type=\"text-editor.default\">\n\t\t\t\t<div class=\"elementor-widget-container\">\n\t\t\t\t\t\t\t\t\t<p style=\"margin-top: 0px; margin-bottom: 1.5em; color: #222222; font-family: Raleway, sans-serif; font-size: 16px;\"><span style=\"font-weight: bold;\">INFORMA\u00c7\u00d5ES QUE A LUZA ACADEMY COLETA E COMO USAMOS:<\/span><br \/>A LUZA ACADEMY\u00a0coleta dados para identificar, contatar e viabilizar a contrata\u00e7\u00e3o de seus servi\u00e7os.<br \/><span style=\"font-weight: bold;\">Dados fornecidos pelo titular:<\/span>\u00a0s\u00e3o as informa\u00e7\u00f5es que voc\u00ea fornece \u00e0 LUZA ACADEMY ao interagir conosco. Entre eles est\u00e3o: nome completo, CPF e RG, telefone, e-mail, entre outros.<\/p><p style=\"margin-top: 0px; margin-bottom: 1.5em; color: #222222; font-family: Raleway, sans-serif; font-size: 16px;\"><span style=\"font-weight: bold;\">1. OS DADOS QUE COLETAMOS PODEM SER USADOS PARA:<\/span><br \/><span style=\"font-weight: bold;\">Identifica\u00e7\u00e3o, autentica\u00e7\u00e3o e cadastro.<\/span><br \/>\u2022 Recrutamento e Sele\u00e7\u00e3o.<br \/>\u2022 Efetivarmos a contrata\u00e7\u00e3o de um servi\u00e7o.<br \/>\u2022 Cumprimento de obriga\u00e7\u00e3o legal ou regulat\u00f3ria pelo controlador ou operador respons\u00e1vel pelo tratamento dos dados pessoais.<\/p><p style=\"margin-top: 0px; margin-bottom: 1.5em; color: #222222; font-family: Raleway, sans-serif; font-size: 16px;\"><span style=\"font-weight: bold;\">2. POR QUANTO TEMPO TRATAMOS SEUS DADOS PESSOAIS:<\/span><br \/>O tempo ir\u00e1 variar, de acordo com o seu objetivo de uso, as determina\u00e7\u00f5es do contrato ou determina\u00e7\u00f5es legais relacionados a ele.<\/p><p style=\"margin-top: 0px; margin-bottom: 1.5em; color: #222222; font-family: Raleway, sans-serif; font-size: 16px;\"><span style=\"font-weight: bold;\">3. COMPARTILHAMENTO DE DADOS PESSOAIS<\/span><br \/>O compartilhamento de seus dados pessoais acontece de acordo com o que est\u00e1 previsto na legisla\u00e7\u00e3o e nessa Pol\u00edtica de Privacidade. Antes de ocorrer, \u00e9 necess\u00e1rio \u00e0 sua autoriza\u00e7\u00e3o por meio do seu consentimento. Assim voc\u00ea fica ciente das finalidades desse compartilhamento. Vale ressaltar que todas essas informa\u00e7\u00f5es s\u00e3o rigorosamente fiscalizadas para garantir sua maior seguran\u00e7a.<\/p><p style=\"margin-top: 0px; margin-bottom: 1.5em; color: #222222; font-family: Raleway, sans-serif; font-size: 16px;\"><span style=\"font-weight: bold;\">4. SEUS DIREITOS COMO TITULAR DOS DADOS PESSOAIS<\/span><br \/>A Lei Geral de Prote\u00e7\u00e3o de Dados Pessoais (LGPD) garante uma s\u00e9rie de direitos ao titular dos dados, s\u00e3o eles:<\/p><ul style=\"font-size: 16px; background-color: #ffffff; margin-bottom: 10px; margin-top: 0px; color: #222222; font-family: Raleway, sans-serif;\"><li style=\"font-size: 16px;\"><span style=\"font-weight: bold;\">Confirma\u00e7\u00e3o da exist\u00eancia de tratamento<\/span><br \/>Se voc\u00ea j\u00e1 se cadastrou em nosso site, ou outros canais de atendimento, significa que n\u00f3s realizamos algum tipo de tratamento com seus dados, mesmo que apenas de armazenamento.<br \/>No entanto, voc\u00ea tem direito de solicitar \u00e0 LUZA ACADEMY\u00a0a confirma\u00e7\u00e3o do tratamento de seus dados pessoais.<\/li><li style=\"font-size: 16px;\"><span style=\"font-weight: bold;\">Livre acesso aos dados pessoais<\/span>\u00a0Voc\u00ea pode solicitar \u00e0 LUZA ACADEMY\u00a0um resumo dos dados pessoais relacionados a voc\u00ea que coletamos, a integralidade deles, dura\u00e7\u00e3o do tratamento, quais tratamentos foram realizados e qual o objetivo. Conforme a LGPD, ser\u00e1 atendido sem custos para o titular.<\/li><li style=\"font-size: 16px;\"><span style=\"font-weight: bold;\">Corre\u00e7\u00e3o dos dados incompletos, inexatos ou desatualizados<\/span>\u00a0Caso seus dados estejam incompletos ou desatualizados, voc\u00ea pode solicitar \u00e0 LUZA ACADEMY\u00a0a corre\u00e7\u00e3o e atualiza\u00e7\u00e3o desses dados. Por\u00e9m, a LUZA ACADEMY\u00a0pode pedir documentos que comprovem as novas informa\u00e7\u00f5es que voc\u00ea fornecer.<\/li><li style=\"font-size: 16px;\"><span style=\"font-weight: bold;\">Anonimiza\u00e7\u00e3o, bloqueio ou elimina\u00e7\u00e3o dos dados<\/span>\u00a0Desde que a sua solicita\u00e7\u00e3o esteja de acordo com o que a LGPD diz sobre o tratamento de dados, voc\u00ea pode solicitar que a LUZA ACADEMY\u00a0realize a anonimiza\u00e7\u00e3o, bloqueio ou elimina\u00e7\u00e3o dos dados\u2026<\/li><li style=\"font-size: 16px;\"><span style=\"font-weight: bold;\">Informa\u00e7\u00f5es sobre o compartilhamento dos dados pessoais<\/span>\u00a0Voc\u00ea pode solicitar \u00e0 LUZA ACADEMY\u00a0informa\u00e7\u00f5es sobre com quem, sejam parceiros ou terceiros, compartilhamos seus dados pessoais.<\/li><li style=\"font-size: 16px;\"><span style=\"font-weight: bold;\">Informa\u00e7\u00f5es sobre a possibilidade de n\u00e3o fornecer consentimento e consequ\u00eancias da negativa<\/span>\u00a0Voc\u00ea pode solicitar a retirada do consentimento para o tratamento de dados pessoais dado \u00e0 LUZA ACADEMY\u00a0anteriormente\u2026<\/li><li style=\"font-size: 16px;\"><span style=\"font-weight: bold;\">Revoga\u00e7\u00e3o do consentimento<\/span>\u00a0Mesmo tendo consentido o tratamento de dados pessoais, voc\u00ea poder\u00e1 solicitar a retirada do consentimento\u2026<\/li><li style=\"font-size: 16px;\"><span style=\"font-weight: bold;\">Oposi\u00e7\u00e3o ao tratamento dos dados pessoais<\/span>\u00a0Caso o tratamento dos seus dados pessoais n\u00e3o esteja seguindo o que determina a LGPD, voc\u00ea pode se opor ao tratamento desses dados.<\/li><li style=\"font-size: 16px;\"><span style=\"font-weight: bold;\">Revis\u00e3o de decis\u00f5es automatizadas<\/span>\u00a0Caso afete os seus interesses, voc\u00ea pode solicitar a revis\u00e3o de decis\u00f5es tomadas unicamente com base no tratamento automatizado de seus dados pessoais.<\/li><li style=\"font-size: 16px;\"><span style=\"font-weight: bold;\">Portabilidade dos dados pessoais<\/span>\u00a0Voc\u00ea pode solicitar que a LUZA ACADEMY\u00a0transfira seus dados cadastrados para outra organiza\u00e7\u00e3o\u2026<\/li><\/ul><p style=\"margin-top: 0px; margin-bottom: 1.5em; color: #222222; font-family: Raleway, sans-serif; font-size: 16px;\"><span style=\"font-weight: bold;\">5. SEGURAN\u00c7A DOS DADOS<\/span><br \/>A LUZA ACADEMY\u00a0tem o compromisso de garantir a seguran\u00e7a e a privacidade dos dados pessoais, adotando medidas t\u00e9cnicas e administrativas para proteger essas informa\u00e7\u00f5es contra acessos n\u00e3o autorizados, perdas ou divulga\u00e7\u00f5es indevidas. Entre as medidas de seguran\u00e7a implementadas, destacamos:<\/p><ul style=\"font-size: 16px; background-color: #ffffff; margin-bottom: 10px; margin-top: 0px; color: #222222; font-family: Raleway, sans-serif;\"><li style=\"font-size: 16px;\"><span style=\"font-weight: bold;\">Monitoramento cont\u00ednuo:<\/span>\u00a0acompanhamos e implementamos as melhores pr\u00e1ticas de prote\u00e7\u00e3o de dados dispon\u00edveis no mercado\u2026<\/li><li style=\"font-size: 16px;\"><span style=\"font-weight: bold;\">Normas internas de seguran\u00e7a:<\/span>\u00a0nossa Pol\u00edtica de Seguran\u00e7a da Informa\u00e7\u00e3o e normativas internas estabelecem diretrizes\u2026<\/li><li style=\"font-size: 16px;\"><span style=\"font-weight: bold;\">Controle de acesso restrito:<\/span>\u00a0apenas pessoas autorizadas podem manusear dados pessoais\u2026<\/li><li style=\"font-size: 16px;\"><span style=\"font-weight: bold;\">Criptografia de dados sens\u00edveis:<\/span>\u00a0informa\u00e7\u00f5es classificadas como sens\u00edveis s\u00e3o protegidas por criptografia\u2026<\/li><li style=\"font-size: 16px;\"><span style=\"font-weight: bold;\">Auditorias e testes de seguran\u00e7a regulares:<\/span>\u00a0realizamos auditorias e testes de vulnerabilidade peri\u00f3dicos\u2026<\/li><li style=\"font-size: 16px;\"><span style=\"font-weight: bold;\">Uso de firewalls e sistemas de detec\u00e7\u00e3o de intrus\u00e3o:<\/span>\u00a0implementamos tecnologias para prevenir e mitigar ataques cibern\u00e9ticos.<\/li><li style=\"font-size: 16px;\"><span style=\"font-weight: bold;\">Treinamento cont\u00ednuo de colaboradores:<\/span>\u00a0promovemos treinamentos sobre boas pr\u00e1ticas de seguran\u00e7a da informa\u00e7\u00e3o\u2026<\/li><li style=\"font-size: 16px;\"><span style=\"font-weight: bold;\">Procedimentos internos para gerenciamento de incidentes:<\/span>\u00a0contamos com processos estruturados para resposta r\u00e1pida\u2026<\/li><\/ul><p style=\"margin-top: 0px; margin-bottom: 1.5em; color: #222222; font-family: Raleway, sans-serif; font-size: 16px;\"><span style=\"font-weight: bold;\">6. D.P.O \u2013 Data Protection Officer<\/span><br \/>\u00c9 o profissional respons\u00e1vel por garantir que a empresa esteja em conformidade com a lei e o operador para atuar como canal de comunica\u00e7\u00e3o entre o controlador, os titulares dos dados e a Autoridade Nacional de Prote\u00e7\u00e3o de Dados (ANPD);<\/p><p style=\"margin-top: 0px; margin-bottom: 1.5em; color: #222222; font-family: Raleway, sans-serif; font-size: 16px;\"><span style=\"font-weight: bold;\">Nosso DPO \u00e9 a M\u00e1rcia Almeida<\/span>, da ADFO Advogados \u2013 Augusto de Freitas e Oliveira Advogados.<br \/>Seu contato \u00e9 atrav\u00e9s do e-mail:\u00a0<a style=\"text-decoration-line: none; color: #5b7bfb; transition: 0.3s;\" href=\"mailto:dpo@luzagroup.com\">dpo@luzagroup.com<\/a>\u00a0ou atrav\u00e9s do Canal de Den\u00fancia, disponibilizado em nosso site.<\/p><p style=\"margin-top: 0px; margin-bottom: 1.5em; color: #222222; font-family: Raleway, sans-serif; font-size: 16px;\">Al\u00e9m disso, revisamos periodicamente nossa Pol\u00edtica de Privacidade para garantir conformidade com a LGPD e eventuais regulamenta\u00e7\u00f5es da ANPD, promovendo modifica\u00e7\u00f5es sempre que necess\u00e1rio. Caso haja altera\u00e7\u00f5es significativas, informaremos os titulares por meio de nossos canais oficiais.<\/p>\t\t\t\t\t\t\t\t<\/div>\n\t\t\t\t<\/div>\n\t\t\t\t\t<\/div>\n\t\t\t\t<\/div>\n\t\t\t\t<\/div>","protected":false},"excerpt":{"rendered":"<p>Pol\u00edtica de privacidade INFORMA\u00c7\u00d5ES QUE A LUZA ACADEMY COLETA E COMO USAMOS:A LUZA ACADEMY\u00a0coleta dados para identificar, contatar e viabilizar a contrata\u00e7\u00e3o de seus servi\u00e7os.Dados fornecidos pelo titular:\u00a0s\u00e3o as informa\u00e7\u00f5es que voc\u00ea fornece \u00e0 LUZA ACADEMY ao interagir conosco. Entre eles est\u00e3o: nome completo, CPF e RG, telefone, e-mail, entre outros. 1. OS DADOS QUE [&hellip;]<\/p>","protected":false},"author":3,"featured_media":0,"parent":0,"menu_order":0,"comment_status":"closed","ping_status":"closed","template":"","meta":{"_acf_changed":false,"footnotes":""},"class_list":["post-2435","page","type-page","status-publish","hentry"],"acf":[],"yoast_head":"<!-- This site is optimized with the Yoast SEO plugin v25.1 - https:\/\/yoast.com\/wordpress\/plugins\/seo\/ -->\n<title>Pol\u00edtica de privacidade - LUZA Academy<\/title>\n<meta name=\"robots\" content=\"index, follow, max-snippet:-1, max-image-preview:large, max-video-preview:-1\" \/>\n<link rel=\"canonical\" href=\"https:\/\/luza.academy\/pt\/politica-de-privacidade\/\" \/>\n<meta property=\"og:locale\" content=\"pt_PT\" \/>\n<meta property=\"og:type\" content=\"article\" \/>\n<meta property=\"og:title\" content=\"Pol\u00edtica de privacidade - LUZA Academy\" \/>\n<meta property=\"og:description\" content=\"Pol\u00edtica de privacidade INFORMA\u00c7\u00d5ES QUE A LUZA ACADEMY COLETA E COMO USAMOS:A LUZA ACADEMY\u00a0coleta dados para identificar, contatar e viabilizar a contrata\u00e7\u00e3o de seus servi\u00e7os.Dados fornecidos pelo titular:\u00a0s\u00e3o as informa\u00e7\u00f5es que voc\u00ea fornece \u00e0 LUZA ACADEMY ao interagir conosco. Entre eles est\u00e3o: nome completo, CPF e RG, telefone, e-mail, entre outros. 1. OS DADOS QUE [&hellip;]\" \/>\n<meta property=\"og:url\" content=\"https:\/\/luza.academy\/pt\/politica-de-privacidade\/\" \/>\n<meta property=\"og:site_name\" content=\"LUZA Academy\" \/>\n<meta property=\"article:modified_time\" content=\"2025-12-29T12:16:04+00:00\" \/>\n<meta property=\"og:image\" content=\"https:\/\/luza.academy\/wp-content\/uploads\/2024\/12\/banner.png\" \/>\n\t<meta property=\"og:image:width\" content=\"1200\" \/>\n\t<meta property=\"og:image:height\" content=\"628\" \/>\n\t<meta property=\"og:image:type\" content=\"image\/png\" \/>\n<meta name=\"twitter:card\" content=\"summary_large_image\" \/>\n<meta name=\"twitter:label1\" content=\"Tempo estimado de leitura\" \/>\n\t<meta name=\"twitter:data1\" content=\"5 minutos\" \/>\n<script type=\"application\/ld+json\" class=\"yoast-schema-graph\">{\"@context\":\"https:\/\/schema.org\",\"@graph\":[{\"@type\":\"WebPage\",\"@id\":\"https:\/\/luza.academy\/politica-de-privacidade\/\",\"url\":\"https:\/\/luza.academy\/politica-de-privacidade\/\",\"name\":\"Pol\u00edtica de privacidade - LUZA Academy\",\"isPartOf\":{\"@id\":\"https:\/\/luza.academy\/#website\"},\"datePublished\":\"2025-12-29T12:13:36+00:00\",\"dateModified\":\"2025-12-29T12:16:04+00:00\",\"breadcrumb\":{\"@id\":\"https:\/\/luza.academy\/politica-de-privacidade\/#breadcrumb\"},\"inLanguage\":\"pt-PT\",\"potentialAction\":[{\"@type\":\"ReadAction\",\"target\":[\"https:\/\/luza.academy\/politica-de-privacidade\/\"]}]},{\"@type\":\"BreadcrumbList\",\"@id\":\"https:\/\/luza.academy\/politica-de-privacidade\/#breadcrumb\",\"itemListElement\":[{\"@type\":\"ListItem\",\"position\":1,\"name\":\"In\u00edcio\",\"item\":\"https:\/\/luza.academy\/\"},{\"@type\":\"ListItem\",\"position\":2,\"name\":\"Pol\u00edtica de privacidade\"}]},{\"@type\":\"WebSite\",\"@id\":\"https:\/\/luza.academy\/#website\",\"url\":\"https:\/\/luza.academy\/\",\"name\":\"LUZA Academy\",\"description\":\"\",\"publisher\":{\"@id\":\"https:\/\/luza.academy\/#organization\"},\"potentialAction\":[{\"@type\":\"SearchAction\",\"target\":{\"@type\":\"EntryPoint\",\"urlTemplate\":\"https:\/\/luza.academy\/?s={search_term_string}\"},\"query-input\":{\"@type\":\"PropertyValueSpecification\",\"valueRequired\":true,\"valueName\":\"search_term_string\"}}],\"inLanguage\":\"pt-PT\"},{\"@type\":\"Organization\",\"@id\":\"https:\/\/luza.academy\/#organization\",\"name\":\"LUZA Academy\",\"url\":\"https:\/\/luza.academy\/\",\"logo\":{\"@type\":\"ImageObject\",\"inLanguage\":\"pt-PT\",\"@id\":\"https:\/\/luza.academy\/#\/schema\/logo\/image\/\",\"url\":\"https:\/\/luza.academy\/wp-content\/uploads\/2025\/08\/Luzaacademy.svg\",\"contentUrl\":\"https:\/\/luza.academy\/wp-content\/uploads\/2025\/08\/Luzaacademy.svg\",\"width\":1077,\"height\":402,\"caption\":\"LUZA Academy\"},\"image\":{\"@id\":\"https:\/\/luza.academy\/#\/schema\/logo\/image\/\"}}]}<\/script>\n<!-- \/ Yoast SEO plugin. -->","yoast_head_json":{"title":"Pol\u00edtica de privacidade - LUZA Academy","robots":{"index":"index","follow":"follow","max-snippet":"max-snippet:-1","max-image-preview":"max-image-preview:large","max-video-preview":"max-video-preview:-1"},"canonical":"https:\/\/luza.academy\/pt\/politica-de-privacidade\/","og_locale":"pt_PT","og_type":"article","og_title":"Pol\u00edtica de privacidade - LUZA Academy","og_description":"Pol\u00edtica de privacidade INFORMA\u00c7\u00d5ES QUE A LUZA ACADEMY COLETA E COMO USAMOS:A LUZA ACADEMY\u00a0coleta dados para identificar, contatar e viabilizar a contrata\u00e7\u00e3o de seus servi\u00e7os.Dados fornecidos pelo titular:\u00a0s\u00e3o as informa\u00e7\u00f5es que voc\u00ea fornece \u00e0 LUZA ACADEMY ao interagir conosco. Entre eles est\u00e3o: nome completo, CPF e RG, telefone, e-mail, entre outros. 1. OS DADOS QUE [&hellip;]","og_url":"https:\/\/luza.academy\/pt\/politica-de-privacidade\/","og_site_name":"LUZA Academy","article_modified_time":"2025-12-29T12:16:04+00:00","og_image":[{"width":1200,"height":628,"url":"https:\/\/luza.academy\/wp-content\/uploads\/2024\/12\/banner.png","type":"image\/png"}],"twitter_card":"summary_large_image","twitter_misc":{"Tempo estimado de leitura":"5 minutos"},"schema":{"@context":"https:\/\/schema.org","@graph":[{"@type":"WebPage","@id":"https:\/\/luza.academy\/politica-de-privacidade\/","url":"https:\/\/luza.academy\/politica-de-privacidade\/","name":"Pol\u00edtica de privacidade - LUZA Academy","isPartOf":{"@id":"https:\/\/luza.academy\/#website"},"datePublished":"2025-12-29T12:13:36+00:00","dateModified":"2025-12-29T12:16:04+00:00","breadcrumb":{"@id":"https:\/\/luza.academy\/politica-de-privacidade\/#breadcrumb"},"inLanguage":"pt-PT","potentialAction":[{"@type":"ReadAction","target":["https:\/\/luza.academy\/politica-de-privacidade\/"]}]},{"@type":"BreadcrumbList","@id":"https:\/\/luza.academy\/politica-de-privacidade\/#breadcrumb","itemListElement":[{"@type":"ListItem","position":1,"name":"In\u00edcio","item":"https:\/\/luza.academy\/"},{"@type":"ListItem","position":2,"name":"Pol\u00edtica de privacidade"}]},{"@type":"WebSite","@id":"https:\/\/luza.academy\/#website","url":"https:\/\/luza.academy\/","name":"LUZA Academy","description":"","publisher":{"@id":"https:\/\/luza.academy\/#organization"},"potentialAction":[{"@type":"SearchAction","target":{"@type":"EntryPoint","urlTemplate":"https:\/\/luza.academy\/?s={search_term_string}"},"query-input":{"@type":"PropertyValueSpecification","valueRequired":true,"valueName":"search_term_string"}}],"inLanguage":"pt-PT"},{"@type":"Organization","@id":"https:\/\/luza.academy\/#organization","name":"LUZA Academy","url":"https:\/\/luza.academy\/","logo":{"@type":"ImageObject","inLanguage":"pt-PT","@id":"https:\/\/luza.academy\/#\/schema\/logo\/image\/","url":"https:\/\/luza.academy\/wp-content\/uploads\/2025\/08\/Luzaacademy.svg","contentUrl":"https:\/\/luza.academy\/wp-content\/uploads\/2025\/08\/Luzaacademy.svg","width":1077,"height":402,"caption":"LUZA Academy"},"image":{"@id":"https:\/\/luza.academy\/#\/schema\/logo\/image\/"}}]}},"_links":{"self":[{"href":"https:\/\/luza.academy\/pt\/wp-json\/wp\/v2\/pages\/2435","targetHints":{"allow":["GET"]}}],"collection":[{"href":"https:\/\/luza.academy\/pt\/wp-json\/wp\/v2\/pages"}],"about":[{"href":"https:\/\/luza.academy\/pt\/wp-json\/wp\/v2\/types\/page"}],"author":[{"embeddable":true,"href":"https:\/\/luza.academy\/pt\/wp-json\/wp\/v2\/users\/3"}],"replies":[{"embeddable":true,"href":"https:\/\/luza.academy\/pt\/wp-json\/wp\/v2\/comments?post=2435"}],"version-history":[{"count":7,"href":"https:\/\/luza.academy\/pt\/wp-json\/wp\/v2\/pages\/2435\/revisions"}],"predecessor-version":[{"id":2442,"href":"https:\/\/luza.academy\/pt\/wp-json\/wp\/v2\/pages\/2435\/revisions\/2442"}],"wp:attachment":[{"href":"https:\/\/luza.academy\/pt\/wp-json\/wp\/v2\/media?parent=2435"}],"curies":[{"name":"wp","href":"https:\/\/api.w.org\/{rel}","templated":true}]}}